{"id":917,"date":"2017-12-06T10:29:02","date_gmt":"2017-12-06T10:29:02","guid":{"rendered":"https:\/\/africkasljiva.com\/naslovna\/"},"modified":"2017-12-28T08:04:44","modified_gmt":"2017-12-28T08:04:44","slug":"naslovna","status":"publish","type":"page","link":"https:\/\/africkasljiva.com\/es\/","title":{"rendered":"Inicio"},"content":{"rendered":"<p>[et_pb_section fb_built=\u00bb1&#8243; _builder_version=\u00bb3.0.92&#8243; background_image=\u00bbhttp:\/\/africkasljiva.com\/wp-content\/uploads\/2017\/12\/africka-sljivaa-2.jpg\u00bb parallax=\u00bbon\u00bb custom_margin=\u00bb0px||0px|\u00bb custom_padding=\u00bb0px||0px|\u00bb][et_pb_row use_custom_width=\u00bbon\u00bb use_custom_gutter=\u00bbon\u00bb gutter_width=\u00bb3&#8243; custom_padding=\u00bb85px|0px|85px|0px\u00bb custom_padding_tablet=\u00bb70px||70px|\u00bb custom_padding_phone=\u00bb40px||40px|\u00bb custom_margin=\u00bb0px||0px|\u00bb custom_padding_last_edited=\u00bbon|phone\u00bb _builder_version=\u00bb3.0.91&#8243; module_alignment=\u00bbcenter\u00bb custom_margin_last_edited=\u00bbon|desktop\u00bb][et_pb_column type=\u00bb1_2&#8243; _builder_version=\u00bb3.0.47&#8243; parallax=\u00bboff\u00bb parallax_method=\u00bbon\u00bb][et_pb_blurb title=\u00bbEl Ciruelo Africano ayuda a:\u00bb _builder_version=\u00bb3.0.92&#8243; header_level=\u00bbh2&#8243; header_font=\u00bbDosis||||||||\u00bb header_font_size=\u00bb40px\u00bb header_font_size_phone=\u00bb30px\u00bb header_font_size_last_edited=\u00bbon|phone\u00bb header_text_color=\u00bb#ffffff\u00bb body_font=\u00bb||||||||\u00bb custom_margin=\u00bb15px||15px|\u00bb custom_margin_phone=\u00bb10px||10px|\u00bb custom_margin_last_edited=\u00bbon|phone\u00bb animation_style=\u00bbslide\u00bb animation_direction=\u00bbleft\u00bb animation_duration=\u00bb1300ms\u00bb][\/et_pb_blurb][et_pb_blurb title=\u00bbLograr la erecci\u00f3n\u00bb use_icon=\u00bbon\u00bb font_icon=\u00bb%%24%%\u00bb icon_color=\u00bb#ffffff\u00bb icon_placement=\u00bbleft\u00bb _builder_version=\u00bb3.0.92&#8243; header_level=\u00bbh2&#8243; header_font=\u00bbDosis||||||||\u00bb header_font_size=\u00bb28px\u00bb header_font_size_phone=\u00bb21px\u00bb header_font_size_last_edited=\u00bbon|phone\u00bb header_text_color=\u00bb#ffffff\u00bb custom_margin=\u00bb10px||10px|\u00bb animation_style=\u00bbslide\u00bb animation_direction=\u00bbleft\u00bb animation_duration=\u00bb1300ms\u00bb animation_delay=\u00bb500ms\u00bb][\/et_pb_blurb][et_pb_blurb title=\u00bbMantener la erecci\u00f3n\u00bb use_icon=\u00bbon\u00bb font_icon=\u00bb%%24%%\u00bb icon_color=\u00bb#ffffff\u00bb icon_placement=\u00bbleft\u00bb _builder_version=\u00bb3.0.92&#8243; header_level=\u00bbh2&#8243; header_font=\u00bbDosis||||||||\u00bb header_font_size=\u00bb28px\u00bb header_font_size_phone=\u00bb23px\u00bb header_font_size_last_edited=\u00bbon|phone\u00bb header_text_color=\u00bb#ffffff\u00bb custom_margin=\u00bb10px||10|\u00bb animation_style=\u00bbslide\u00bb animation_direction=\u00bbleft\u00bb animation_duration=\u00bb1300ms\u00bb animation_delay=\u00bb1000ms\u00bb][\/et_pb_blurb][et_pb_blurb title=\u00bbIncrementar el deseo sexual\u00bb use_icon=\u00bbon\u00bb font_icon=\u00bb%%24%%\u00bb icon_color=\u00bb#ffffff\u00bb icon_placement=\u00bbleft\u00bb _builder_version=\u00bb3.0.92&#8243; header_level=\u00bbh2&#8243; header_font=\u00bbDosis||||||||\u00bb header_font_size=\u00bb28px\u00bb header_font_size_phone=\u00bb23px\u00bb header_font_size_last_edited=\u00bbon|phone\u00bb header_text_color=\u00bb#ffffff\u00bb custom_margin=\u00bb10px||10px|\u00bb animation_style=\u00bbslide\u00bb animation_direction=\u00bbleft\u00bb animation_duration=\u00bb1300ms\u00bb animation_delay=\u00bb1500ms\u00bb][\/et_pb_blurb][et_pb_blurb title=\u00bbAliviar la disfunci\u00f3n er\u00e9ctil causada por la pr\u00f3stata\u00bb use_icon=\u00bbon\u00bb font_icon=\u00bb%%24%%\u00bb icon_color=\u00bb#ffffff\u00bb icon_placement=\u00bbleft\u00bb _builder_version=\u00bb3.0.92&#8243; header_level=\u00bbh2&#8243; header_font=\u00bbDosis||||||||\u00bb header_font_size=\u00bb28px\u00bb header_font_size_phone=\u00bb23px\u00bb header_font_size_last_edited=\u00bbon|phone\u00bb header_text_color=\u00bb#ffffff\u00bb custom_margin=\u00bb10px||10px|\u00bb animation_style=\u00bbslide\u00bb animation_direction=\u00bbleft\u00bb animation_duration=\u00bb1300ms\u00bb animation_delay=\u00bb2000ms\u00bb][\/et_pb_blurb][et_pb_button button_url=\u00bb\/es\/ordene\/\u00bb button_text=\u00bb\u00a1Pru\u00e9balo!\u00bb _builder_version=\u00bb3.0.92&#8243; custom_margin=\u00bb10px||10px|\u00bb custom_margin_tablet=\u00bb|||40&#8243; custom_margin_phone=\u00bb|||\u00bb custom_margin_last_edited=\u00bbon|tablet\u00bb custom_padding=\u00bb|||\u00bb custom_button=\u00bbon\u00bb button_text_size=\u00bb26px\u00bb button_text_color=\u00bb#0c0c0c\u00bb button_bg_color=\u00bb#ffffff\u00bb button_border_color=\u00bb#0c0c0c\u00bb button_border_radius=\u00bb40px\u00bb button_font=\u00bbDosis|600|||||||\u00bb animation_style=\u00bbbounce\u00bb animation_duration=\u00bb1300ms\u00bb animation_delay=\u00bb3200ms\u00bb][\/et_pb_button][\/et_pb_column][et_pb_column type=\u00bb1_2&#8243; _builder_version=\u00bb3.0.47&#8243; parallax=\u00bboff\u00bb parallax_method=\u00bbon\u00bb][\/et_pb_column][\/et_pb_row][\/et_pb_section][et_pb_section fb_built=\u00bb1&#8243; _builder_version=\u00bb3.0.91&#8243; custom_margin=\u00bb0px||0px|\u00bb custom_padding=\u00bb0px||0px|\u00bb][et_pb_row custom_padding=\u00bb50px||50px|\u00bb custom_padding_tablet=\u00bb||0px|\u00bb custom_padding_phone=\u00bb||0px|\u00bb custom_padding_last_edited=\u00bbon|tablet\u00bb _builder_version=\u00bb3.0.91&#8243;][et_pb_column type=\u00bb1_2&#8243; _builder_version=\u00bb3.0.47&#8243; parallax=\u00bboff\u00bb parallax_method=\u00bbon\u00bb][et_pb_blurb title=\u00bbPotencia\u00bb _builder_version=\u00bb3.0.92&#8243; header_level=\u00bbh3&#8243; header_font=\u00bbDosis||||||||\u00bb header_text_align=\u00bbleft\u00bb header_font_size=\u00bb42px\u00bb header_text_color=\u00bb#2a3082&#8243; body_font=\u00bbDosis||||||||\u00bb body_font_size=\u00bb17px\u00bb custom_margin=\u00bb||15px|\u00bb custom_margin_last_edited=\u00bbon|desktop\u00bb custom_padding=\u00bb|||\u00bb custom_padding_last_edited=\u00bbon|desktop\u00bb animation_style=\u00bbroll\u00bb animation_direction=\u00bbright\u00bb][\/et_pb_blurb][et_pb_blurb _builder_version=\u00bb3.0.92&#8243; header_level=\u00bbh3&#8243; header_font=\u00bbDosis||||||||\u00bb header_text_align=\u00bbleft\u00bb header_font_size=\u00bb42px\u00bb header_text_color=\u00bb#2a3082&#8243; body_font=\u00bbDosis||||||||\u00bb body_font_size=\u00bb17px\u00bb custom_margin=\u00bb0px||0px|\u00bb custom_margin_last_edited=\u00bbon|desktop\u00bb custom_padding=\u00bb|||\u00bb custom_padding_last_edited=\u00bbon|desktop\u00bb animation_style=\u00bbroll\u00bb animation_direction=\u00bbright\u00bb]<\/p>\n<h3><span>EL CIRUELO AFRICANO AYUDA A:<\/span><\/h3>\n<ul style=\"font-family: Dosis;\">\n<li style=\"font-family: Dosis;\">Lograr la erecci\u00f3n<\/li>\n<li style=\"font-family: Dosis;\">Mantener la erecci\u00f3n<\/li>\n<li style=\"font-family: Dosis;\">Incrementar el deseo sexual<\/li>\n<li style=\"font-family: Dosis;\">Aliviar la disfunci\u00f3n er\u00e9ctil causada por la pr\u00f3stata<\/li>\n<\/ul>\n<p><span style=\"font-family: Dosis;\">El ingrediente activo del Ciruelo Africano, beta sitosterol, ayuda a mejorar la potencia. Con el uso regular, aumenta el flujo sangu\u00edneo en el tejido er\u00e9ctil de los genitales, mejorando as\u00ed la calidad de la erecci\u00f3n.<\/span>[\/et_pb_blurb][\/et_pb_column][et_pb_column type=\u00bb1_2&#8243; _builder_version=\u00bb3.0.47&#8243; parallax=\u00bboff\u00bb parallax_method=\u00bbon\u00bb][et_pb_blurb title=\u00bbPr\u00f3stata\u00bb _builder_version=\u00bb3.0.92&#8243; header_level=\u00bbh3&#8243; header_font=\u00bbDosis||||||||\u00bb header_text_align=\u00bbleft\u00bb header_font_size=\u00bb42px\u00bb header_text_color=\u00bb#2a3082&#8243; body_font=\u00bbDosis||||||||\u00bb body_font_size=\u00bb17px\u00bb custom_margin=\u00bb||15px|\u00bb custom_margin_last_edited=\u00bbon|desktop\u00bb custom_padding=\u00bb|||\u00bb custom_padding_last_edited=\u00bbon|desktop\u00bb animation_style=\u00bbroll\u00bb animation_direction=\u00bbleft\u00bb][\/et_pb_blurb][et_pb_blurb _builder_version=\u00bb3.0.92&#8243; header_level=\u00bbh3&#8243; header_font=\u00bbDosis||||||||\u00bb header_text_align=\u00bbleft\u00bb header_font_size=\u00bb42px\u00bb header_text_color=\u00bb#2a3082&#8243; body_font=\u00bbDosis||||||||\u00bb body_font_size=\u00bb17px\u00bb custom_margin=\u00bb||15px|\u00bb custom_margin_last_edited=\u00bbon|desktop\u00bb custom_padding=\u00bb|||\u00bb custom_padding_last_edited=\u00bbon|desktop\u00bb animation_style=\u00bbroll\u00bb animation_direction=\u00bbleft\u00bb]<\/p>\n<h3><span>EL CIRUELO AFRICANO MEJORA LA FUNCI\u00d3N DE LA PR\u00d3STATA<\/span><\/h3>\n<p><span>El extracto del Ciruelo Africano, ayuda a disminuir y a ralentizar la hiperplasia benigna de la pr\u00f3stata y la inflamaci\u00f3n de la pr\u00f3stata, que resulta en una disminuci\u00f3n de todos los trastornos urinarios que acompa\u00f1an a estos estados. En un an\u00e1lisis realizado entre los a\u00f1os 1996 y 2000, se llevaron a cabo 18 ensayos aleatorios controlados que abarcaron a 1.562 hombres. Se lleg\u00f3 a la conclusi\u00f3n de que, en comparaci\u00f3n con el placebo, el Ciruelo Africano mejora significativamente los s\u00edntomas urol\u00f3gicos y el flujo de l\u00edquidos (facilita el proceso de eliminaci\u00f3n de orina, disminuye la frecuencia de la micci\u00f3n especialmente nocturna y aumenta la cantidad de orina eliminada). <\/span><\/p>\n<p>[\/et_pb_blurb][\/et_pb_column][\/et_pb_row][et_pb_row _builder_version=\u00bb3.0.92&#8243;][et_pb_column type=\u00bb1_4&#8243; _builder_version=\u00bb3.0.92&#8243; parallax=\u00bboff\u00bb parallax_method=\u00bbon\u00bb][et_pb_blurb title=\u00bbSIMPLE\u00bb use_icon=\u00bbon\u00bb font_icon=\u00bb%%151%%\u00bb icon_color=\u00bb#2a9255&#8243; _builder_version=\u00bb3.0.92&#8243; header_level=\u00bbh3&#8243; header_font=\u00bbDosis|600|||||||\u00bb header_text_align=\u00bbcenter\u00bb header_font_size=\u00bb40px\u00bb header_text_shadow_style=\u00bbpreset1&#8243; body_font=\u00bbDosis||||||||\u00bb body_text_align=\u00bbcenter\u00bb body_font_size=\u00bb17px\u00bb animation_style=\u00bbzoom\u00bb]El uso del Ciruelo Africano FORTE es muy simple, \u00a1s\u00f3lo una c\u00e1psula diaria![\/et_pb_blurb][\/et_pb_column][et_pb_column type=\u00bb1_4&#8243; _builder_version=\u00bb3.0.92&#8243; parallax=\u00bboff\u00bb parallax_method=\u00bbon\u00bb][et_pb_blurb title=\u00bbSEGURO\u00bb use_icon=\u00bbon\u00bb font_icon=\u00bb%%29%%\u00bb icon_color=\u00bb#2a9255&#8243; _builder_version=\u00bb3.0.92&#8243; header_level=\u00bbh3&#8243; header_font=\u00bbDosis|600|||||||\u00bb header_text_align=\u00bbcenter\u00bb header_font_size=\u00bb40px\u00bb header_text_shadow_style=\u00bbpreset1&#8243; body_font=\u00bbDosis||||||||\u00bb body_text_align=\u00bbcenter\u00bb body_font_size=\u00bb17px\u00bb animation_style=\u00bbzoom\u00bb]Las c\u00e1psulas del Ciruelo Africano FORTE son completamente naturales y seguras, incluso para las personas con enfermedades card\u00edacas.[\/et_pb_blurb][\/et_pb_column][et_pb_column type=\u00bb1_4&#8243; _builder_version=\u00bb3.0.92&#8243; parallax=\u00bboff\u00bb parallax_method=\u00bbon\u00bb][et_pb_blurb title=\u00bbAUMENTA LA POTENCIA\u00bb use_icon=\u00bbon\u00bb font_icon=\u00bb%%162%%\u00bb icon_color=\u00bb#2a9255&#8243; _builder_version=\u00bb3.0.92&#8243; header_level=\u00bbh3&#8243; header_font=\u00bbDosis|600|||||||\u00bb header_text_align=\u00bbcenter\u00bb header_font_size=\u00bb40px\u00bb header_text_shadow_style=\u00bbpreset1&#8243; body_font=\u00bbDosis||||||||\u00bb body_text_align=\u00bbcenter\u00bb body_font_size=\u00bb17px\u00bb animation_style=\u00bbzoom\u00bb]El ingrediente activo del Ciruelo Africano FORTE, influye en el aumento del flujo de sangre en el tejido er\u00e9ctil de los genitales, mejorando de la calidad de las erecciones.[\/et_pb_blurb][\/et_pb_column][et_pb_column type=\u00bb1_4&#8243; _builder_version=\u00bb3.0.92&#8243; parallax=\u00bboff\u00bb parallax_method=\u00bbon\u00bb][et_pb_blurb title=\u00bbCUIDA LA PR\u00d3STATA\u00bb use_icon=\u00bbon\u00bb font_icon=\u00bb%%45%%\u00bb icon_color=\u00bb#2a9255&#8243; _builder_version=\u00bb3.0.92&#8243; header_level=\u00bbh3&#8243; header_font=\u00bbDosis|600|||||||\u00bb header_text_align=\u00bbcenter\u00bb header_font_size=\u00bb40px\u00bb header_text_shadow_style=\u00bbpreset1&#8243; body_font=\u00bbDosis||||||||\u00bb body_text_align=\u00bbcenter\u00bb body_font_size=\u00bb17px\u00bb animation_style=\u00bbzoom\u00bb]El Ciruelo Africano FORTE facilita el proceso de expulsi\u00f3n de la orina, reduce la frecuencia de nocturia, en particular, aumenta la cantidad de orina expulsada.[\/et_pb_blurb][\/et_pb_column][\/et_pb_row][et_pb_row make_fullwidth=\u00bbon\u00bb use_custom_gutter=\u00bbon\u00bb gutter_width=\u00bb1&#8243; background_color=\u00bb#b5b5b5&#8243; _builder_version=\u00bb3.0.90&#8243;][et_pb_column type=\u00bb1_3&#8243; _builder_version=\u00bb3.0.47&#8243; parallax=\u00bboff\u00bb parallax_method=\u00bbon\u00bb][et_pb_image src=\u00bbhttps:\/\/africkasljiva.com\/wp-content\/uploads\/2017\/12\/FORTE-Africka-sljiva-nosorog-EN.png\u00bb _builder_version=\u00bb3.0.92&#8243; animation_style=\u00bbslide\u00bb animation_direction=\u00bbleft\u00bb][\/et_pb_image][\/et_pb_column][et_pb_column type=\u00bb2_3&#8243; _builder_version=\u00bb3.0.47&#8243; parallax=\u00bboff\u00bb parallax_method=\u00bbon\u00bb][et_pb_blurb title=\u00bb\u00bfTODAV\u00cdA NO PRUEBA EL CIRUELO AFRICANO FORTE?\u00bb _builder_version=\u00bb3.0.92&#8243; header_font=\u00bbDosis||||||||\u00bb header_text_align=\u00bbcenter\u00bb header_font_size=\u00bb30px\u00bb body_font=\u00bbDosis||||||||\u00bb body_text_align=\u00bbcenter\u00bb body_font_size=\u00bb16px\u00bb background_color=\u00bb#f2f2f2&#8243; text_orientation=\u00bbcenter\u00bb custom_margin=\u00bb10px|100px||100px\u00bb custom_margin_tablet=\u00bb|30px||30px\u00bb custom_margin_phone=\u00bb20px|10px||10px\u00bb custom_margin_last_edited=\u00bbon|phone\u00bb custom_padding=\u00bb30px||30px|\u00bb animation_direction=\u00bbright\u00bb]<\/p>\n<p>Ordene su paquete de Ciruelo Africano FORTE en l\u00ednea y obtenga el mejor precio.<\/p>\n<p>[\/et_pb_blurb][et_pb_button button_url=\u00bb\/es\/ordene\/\u00bb button_text=\u00bbORDENE AHORA\u00bb button_alignment=\u00bbcenter\u00bb _builder_version=\u00bb3.0.92&#8243; custom_margin=\u00bb10px|||\u00bb custom_padding=\u00bb10px||10px|\u00bb custom_button=\u00bbon\u00bb button_text_color=\u00bb#ffffff\u00bb button_bg_color=\u00bb#35b159&#8243; button_bg_use_color_gradient=\u00bbon\u00bb button_bg_color_gradient_start=\u00bb#35b159&#8243; button_bg_color_gradient_end=\u00bb#16662a\u00bb button_border_color=\u00bb#ffffff\u00bb button_border_radius=\u00bb8px\u00bb button_font=\u00bb||||||||\u00bb button_icon=\u00bb%%28%%\u00bb animation_direction=\u00bbright\u00bb][\/et_pb_button][\/et_pb_column][\/et_pb_row][\/et_pb_section][et_pb_section fb_built=\u00bb1&#8243; background_color=\u00bb#ffffff\u00bb _builder_version=\u00bb3.0.91&#8243; custom_padding=\u00bb0px|0px|1px|0px\u00bb][et_pb_row custom_padding=\u00bb60px|0px|10px|0px\u00bb _builder_version=\u00bb3.0.91&#8243;][et_pb_column type=\u00bb1_4&#8243; _builder_version=\u00bb3.0.91&#8243; parallax=\u00bboff\u00bb parallax_method=\u00bbon\u00bb][et_pb_blurb url=\u00bbhttps:\/\/www.facebook.com\/AfrickaSljiva\u00bb url_new_window=\u00bbon\u00bb use_icon=\u00bbon\u00bb font_icon=\u00bb%%314%%\u00bb icon_color=\u00bb#3B5998&#8243; _builder_version=\u00bb3.0.91&#8243; animation_direction=\u00bbleft\u00bb animation=\u00bboff\u00bb][\/et_pb_blurb][\/et_pb_column][et_pb_column type=\u00bb1_4&#8243; _builder_version=\u00bb3.0.91&#8243; parallax=\u00bboff\u00bb parallax_method=\u00bbon\u00bb][et_pb_blurb url=\u00bbhttps:\/\/www.instagram.com\/africka_sljiva\/\u00bb url_new_window=\u00bbon\u00bb use_icon=\u00bbon\u00bb font_icon=\u00bb%%298%%\u00bb icon_color=\u00bb#e95950&#8243; _builder_version=\u00bb3.0.91&#8243; animation=\u00bboff\u00bb][\/et_pb_blurb][\/et_pb_column][et_pb_column type=\u00bb1_4&#8243; _builder_version=\u00bb3.0.91&#8243; parallax=\u00bboff\u00bb parallax_method=\u00bbon\u00bb][et_pb_blurb url=\u00bbhttps:\/\/www.youtube.com\/channel\/UCu-A5eKGUVAjkVnwnDnfDtA\u00bb url_new_window=\u00bbon\u00bb use_icon=\u00bbon\u00bb font_icon=\u00bb%%307%%\u00bb icon_color=\u00bb#ff0000&#8243; _builder_version=\u00bb3.0.91&#8243; animation=\u00bboff\u00bb][\/et_pb_blurb][\/et_pb_column][et_pb_column type=\u00bb1_4&#8243; _builder_version=\u00bb3.0.91&#8243; parallax=\u00bboff\u00bb parallax_method=\u00bbon\u00bb][et_pb_blurb url=\u00bbhttps:\/\/twitter.com\/AfrickaSljiva\u00bb url_new_window=\u00bbon\u00bb use_icon=\u00bbon\u00bb font_icon=\u00bb%%292%%\u00bb icon_color=\u00bb#55acee\u00bb _builder_version=\u00bb3.0.91&#8243; animation=\u00bboff\u00bb][\/et_pb_blurb][\/et_pb_column][\/et_pb_row][\/et_pb_section]<\/p>\n","protected":false},"excerpt":{"rendered":"<p>EL CIRUELO AFRICANO AYUDA A: Lograr la erecci\u00f3n Mantener la erecci\u00f3n Incrementar el deseo sexual Aliviar la disfunci\u00f3n er\u00e9ctil causada por la pr\u00f3stata El ingrediente activo del Ciruelo Africano, beta sitosterol, ayuda a mejorar la potencia. Con el uso regular, aumenta el flujo sangu\u00edneo en el tejido er\u00e9ctil de los genitales, mejorando as\u00ed la calidad [&hellip;]<\/p>\n","protected":false},"author":12,"featured_media":0,"parent":0,"menu_order":0,"comment_status":"closed","ping_status":"closed","template":"","meta":{"_et_pb_use_builder":"on","_et_pb_old_content":"","_et_gb_content_width":"","footnotes":""},"class_list":["post-917","page","type-page","status-publish","hentry"],"yoast_head":"<!-- This site is optimized with the Yoast SEO plugin v27.4 - https:\/\/yoast.com\/product\/yoast-seo-wordpress\/ -->\n<title>Afri\u010dka \u0160ljiva - Prirodno za potenciju - NE PADA!<\/title>\n<meta name=\"description\" content=\"Prirodno re\u0161enje za potenciju i bolji seksualni odnos. Odr\u017eava i olak\u0161ava erekciju na prirodan na\u010din. Afri\u010dka \u0160ljiva - Dostupno online! 100% prirodno!\" \/>\n<meta name=\"robots\" content=\"index, follow, max-snippet:-1, max-image-preview:large, max-video-preview:-1\" \/>\n<link rel=\"canonical\" href=\"https:\/\/africkasljiva.com\/es\/\" \/>\n<meta property=\"og:locale\" content=\"es_ES\" \/>\n<meta property=\"og:type\" content=\"article\" \/>\n<meta property=\"og:title\" content=\"Afri\u010dka \u0160ljiva - Prirodno za potenciju - NE PADA!\" \/>\n<meta property=\"og:description\" content=\"Prirodno re\u0161enje za potenciju i bolji seksualni odnos. Odr\u017eava i olak\u0161ava erekciju na prirodan na\u010din. Afri\u010dka \u0160ljiva - Dostupno online! 100% prirodno!\" \/>\n<meta property=\"og:url\" content=\"https:\/\/africkasljiva.com\/es\/\" \/>\n<meta property=\"og:site_name\" content=\"Afri\u010dka \u0160ljiva\" \/>\n<meta property=\"article:modified_time\" content=\"2017-12-28T08:04:44+00:00\" \/>\n<meta name=\"twitter:card\" content=\"summary_large_image\" \/>\n<meta name=\"twitter:label1\" content=\"Tiempo de lectura\" \/>\n\t<meta name=\"twitter:data1\" content=\"9 minutos\" \/>\n<script type=\"application\/ld+json\" class=\"yoast-schema-graph\">{\"@context\":\"https:\\\/\\\/schema.org\",\"@graph\":[{\"@type\":\"WebPage\",\"@id\":\"https:\\\/\\\/africkasljiva.com\\\/es\\\/\",\"url\":\"https:\\\/\\\/africkasljiva.com\\\/es\\\/\",\"name\":\"Afri\u010dka \u0160ljiva - Prirodno za potenciju - NE PADA!\",\"isPartOf\":{\"@id\":\"https:\\\/\\\/africkasljiva.com\\\/#website\"},\"datePublished\":\"2017-12-06T10:29:02+00:00\",\"dateModified\":\"2017-12-28T08:04:44+00:00\",\"description\":\"Prirodno re\u0161enje za potenciju i bolji seksualni odnos. Odr\u017eava i olak\u0161ava erekciju na prirodan na\u010din. Afri\u010dka \u0160ljiva - Dostupno online! 100% prirodno!\",\"breadcrumb\":{\"@id\":\"https:\\\/\\\/africkasljiva.com\\\/es\\\/#breadcrumb\"},\"inLanguage\":\"es\",\"potentialAction\":[{\"@type\":\"ReadAction\",\"target\":[\"https:\\\/\\\/africkasljiva.com\\\/es\\\/\"]}]},{\"@type\":\"BreadcrumbList\",\"@id\":\"https:\\\/\\\/africkasljiva.com\\\/es\\\/#breadcrumb\",\"itemListElement\":[{\"@type\":\"ListItem\",\"position\":1,\"name\":\"Home\",\"item\":\"https:\\\/\\\/africkasljiva.com\\\/es\\\/\"},{\"@type\":\"ListItem\",\"position\":2,\"name\":\"Inicio\"}]},{\"@type\":\"WebSite\",\"@id\":\"https:\\\/\\\/africkasljiva.com\\\/#website\",\"url\":\"https:\\\/\\\/africkasljiva.com\\\/\",\"name\":\"Afri\u010dka \u0160ljiva\",\"description\":\"Prirodni preparat za potenciju - ne pada!\",\"potentialAction\":[{\"@type\":\"SearchAction\",\"target\":{\"@type\":\"EntryPoint\",\"urlTemplate\":\"https:\\\/\\\/africkasljiva.com\\\/?s={search_term_string}\"},\"query-input\":{\"@type\":\"PropertyValueSpecification\",\"valueRequired\":true,\"valueName\":\"search_term_string\"}}],\"inLanguage\":\"es\"}]}<\/script>\n<!-- \/ Yoast SEO plugin. -->","yoast_head_json":{"title":"Afri\u010dka \u0160ljiva - Prirodno za potenciju - NE PADA!","description":"Prirodno re\u0161enje za potenciju i bolji seksualni odnos. Odr\u017eava i olak\u0161ava erekciju na prirodan na\u010din. Afri\u010dka \u0160ljiva - Dostupno online! 100% prirodno!","robots":{"index":"index","follow":"follow","max-snippet":"max-snippet:-1","max-image-preview":"max-image-preview:large","max-video-preview":"max-video-preview:-1"},"canonical":"https:\/\/africkasljiva.com\/es\/","og_locale":"es_ES","og_type":"article","og_title":"Afri\u010dka \u0160ljiva - Prirodno za potenciju - NE PADA!","og_description":"Prirodno re\u0161enje za potenciju i bolji seksualni odnos. Odr\u017eava i olak\u0161ava erekciju na prirodan na\u010din. Afri\u010dka \u0160ljiva - Dostupno online! 100% prirodno!","og_url":"https:\/\/africkasljiva.com\/es\/","og_site_name":"Afri\u010dka \u0160ljiva","article_modified_time":"2017-12-28T08:04:44+00:00","twitter_card":"summary_large_image","twitter_misc":{"Tiempo de lectura":"9 minutos"},"schema":{"@context":"https:\/\/schema.org","@graph":[{"@type":"WebPage","@id":"https:\/\/africkasljiva.com\/es\/","url":"https:\/\/africkasljiva.com\/es\/","name":"Afri\u010dka \u0160ljiva - Prirodno za potenciju - NE PADA!","isPartOf":{"@id":"https:\/\/africkasljiva.com\/#website"},"datePublished":"2017-12-06T10:29:02+00:00","dateModified":"2017-12-28T08:04:44+00:00","description":"Prirodno re\u0161enje za potenciju i bolji seksualni odnos. Odr\u017eava i olak\u0161ava erekciju na prirodan na\u010din. Afri\u010dka \u0160ljiva - Dostupno online! 100% prirodno!","breadcrumb":{"@id":"https:\/\/africkasljiva.com\/es\/#breadcrumb"},"inLanguage":"es","potentialAction":[{"@type":"ReadAction","target":["https:\/\/africkasljiva.com\/es\/"]}]},{"@type":"BreadcrumbList","@id":"https:\/\/africkasljiva.com\/es\/#breadcrumb","itemListElement":[{"@type":"ListItem","position":1,"name":"Home","item":"https:\/\/africkasljiva.com\/es\/"},{"@type":"ListItem","position":2,"name":"Inicio"}]},{"@type":"WebSite","@id":"https:\/\/africkasljiva.com\/#website","url":"https:\/\/africkasljiva.com\/","name":"Afri\u010dka \u0160ljiva","description":"Prirodni preparat za potenciju - ne pada!","potentialAction":[{"@type":"SearchAction","target":{"@type":"EntryPoint","urlTemplate":"https:\/\/africkasljiva.com\/?s={search_term_string}"},"query-input":{"@type":"PropertyValueSpecification","valueRequired":true,"valueName":"search_term_string"}}],"inLanguage":"es"}]}},"_links":{"self":[{"href":"https:\/\/africkasljiva.com\/es\/wp-json\/wp\/v2\/pages\/917","targetHints":{"allow":["GET"]}}],"collection":[{"href":"https:\/\/africkasljiva.com\/es\/wp-json\/wp\/v2\/pages"}],"about":[{"href":"https:\/\/africkasljiva.com\/es\/wp-json\/wp\/v2\/types\/page"}],"author":[{"embeddable":true,"href":"https:\/\/africkasljiva.com\/es\/wp-json\/wp\/v2\/users\/12"}],"replies":[{"embeddable":true,"href":"https:\/\/africkasljiva.com\/es\/wp-json\/wp\/v2\/comments?post=917"}],"version-history":[{"count":6,"href":"https:\/\/africkasljiva.com\/es\/wp-json\/wp\/v2\/pages\/917\/revisions"}],"predecessor-version":[{"id":980,"href":"https:\/\/africkasljiva.com\/es\/wp-json\/wp\/v2\/pages\/917\/revisions\/980"}],"wp:attachment":[{"href":"https:\/\/africkasljiva.com\/es\/wp-json\/wp\/v2\/media?parent=917"}],"curies":[{"name":"wp","href":"https:\/\/api.w.org\/{rel}","templated":true}]}}