{"id":851,"date":"2017-12-06T10:29:02","date_gmt":"2017-12-06T10:29:02","guid":{"rendered":"https:\/\/africkasljiva.com\/naslovna\/"},"modified":"2017-12-27T08:15:20","modified_gmt":"2017-12-27T08:15:20","slug":"naslovna","status":"publish","type":"page","link":"https:\/\/africkasljiva.com\/en\/","title":{"rendered":"Home"},"content":{"rendered":"<p>[et_pb_section fb_built=&#8221;1&#8243; _builder_version=&#8221;3.0.92&#8243; background_image=&#8221;http:\/\/africkasljiva.com\/wp-content\/uploads\/2017\/12\/africka-sljivaa-2.jpg&#8221; parallax=&#8221;on&#8221; custom_margin=&#8221;0px||0px|&#8221; custom_padding=&#8221;0px||0px|&#8221;][et_pb_row use_custom_width=&#8221;on&#8221; use_custom_gutter=&#8221;on&#8221; gutter_width=&#8221;3&#8243; custom_padding=&#8221;85px|0px|85px|0px&#8221; custom_padding_tablet=&#8221;70px||70px|&#8221; custom_padding_phone=&#8221;40px||40px|&#8221; custom_margin=&#8221;0px||0px|&#8221; custom_padding_last_edited=&#8221;on|phone&#8221; _builder_version=&#8221;3.0.91&#8243; module_alignment=&#8221;center&#8221; custom_margin_last_edited=&#8221;on|desktop&#8221;][et_pb_column type=&#8221;1_2&#8243; _builder_version=&#8221;3.0.47&#8243; parallax=&#8221;off&#8221; parallax_method=&#8221;on&#8221;][et_pb_blurb title=&#8221;African Plum helps to:&#8221; _builder_version=&#8221;3.0.92&#8243; header_level=&#8221;h2&#8243; header_font=&#8221;Dosis||||||||&#8221; header_font_size=&#8221;40px&#8221; header_font_size_phone=&#8221;30px&#8221; header_font_size_last_edited=&#8221;on|phone&#8221; header_text_color=&#8221;#ffffff&#8221; body_font=&#8221;||||||||&#8221; custom_margin=&#8221;15px||15px|&#8221; custom_margin_phone=&#8221;10px||10px|&#8221; custom_margin_last_edited=&#8221;on|phone&#8221; animation_style=&#8221;slide&#8221; animation_direction=&#8221;left&#8221; animation_duration=&#8221;1300ms&#8221;][\/et_pb_blurb][et_pb_blurb title=&#8221;Achieve erection&#8221; use_icon=&#8221;on&#8221; font_icon=&#8221;%%24%%&#8221; icon_color=&#8221;#ffffff&#8221; icon_placement=&#8221;left&#8221; _builder_version=&#8221;3.0.92&#8243; header_level=&#8221;h2&#8243; header_font=&#8221;Dosis||||||||&#8221; header_font_size=&#8221;28px&#8221; header_font_size_phone=&#8221;21px&#8221; header_font_size_last_edited=&#8221;on|phone&#8221; header_text_color=&#8221;#ffffff&#8221; custom_margin=&#8221;10px||10px|&#8221; animation_style=&#8221;slide&#8221; animation_direction=&#8221;left&#8221; animation_duration=&#8221;1300ms&#8221; animation_delay=&#8221;500ms&#8221;][\/et_pb_blurb][et_pb_blurb title=&#8221;Sustain erection&#8221; use_icon=&#8221;on&#8221; font_icon=&#8221;%%24%%&#8221; icon_color=&#8221;#ffffff&#8221; icon_placement=&#8221;left&#8221; _builder_version=&#8221;3.0.92&#8243; header_level=&#8221;h2&#8243; header_font=&#8221;Dosis||||||||&#8221; header_font_size=&#8221;28px&#8221; header_font_size_phone=&#8221;23px&#8221; header_font_size_last_edited=&#8221;on|phone&#8221; header_text_color=&#8221;#ffffff&#8221; custom_margin=&#8221;10px||10|&#8221; animation_style=&#8221;slide&#8221; animation_direction=&#8221;left&#8221; animation_duration=&#8221;1300ms&#8221; animation_delay=&#8221;1000ms&#8221;][\/et_pb_blurb][et_pb_blurb title=&#8221;Increase sexual desire&#8221; use_icon=&#8221;on&#8221; font_icon=&#8221;%%24%%&#8221; icon_color=&#8221;#ffffff&#8221; icon_placement=&#8221;left&#8221; _builder_version=&#8221;3.0.92&#8243; header_level=&#8221;h2&#8243; header_font=&#8221;Dosis||||||||&#8221; header_font_size=&#8221;28px&#8221; header_font_size_phone=&#8221;23px&#8221; header_font_size_last_edited=&#8221;on|phone&#8221; header_text_color=&#8221;#ffffff&#8221; custom_margin=&#8221;10px||10px|&#8221; animation_style=&#8221;slide&#8221; animation_direction=&#8221;left&#8221; animation_duration=&#8221;1300ms&#8221; animation_delay=&#8221;1500ms&#8221;][\/et_pb_blurb][et_pb_blurb title=&#8221;Alleviate erectile disorders caused by the prostate&#8221; use_icon=&#8221;on&#8221; font_icon=&#8221;%%24%%&#8221; icon_color=&#8221;#ffffff&#8221; icon_placement=&#8221;left&#8221; _builder_version=&#8221;3.0.92&#8243; header_level=&#8221;h2&#8243; header_font=&#8221;Dosis||||||||&#8221; header_font_size=&#8221;28px&#8221; header_font_size_phone=&#8221;23px&#8221; header_font_size_last_edited=&#8221;on|phone&#8221; header_text_color=&#8221;#ffffff&#8221; custom_margin=&#8221;10px||10px|&#8221; animation_style=&#8221;slide&#8221; animation_direction=&#8221;left&#8221; animation_duration=&#8221;1300ms&#8221; animation_delay=&#8221;2000ms&#8221;][\/et_pb_blurb][et_pb_button button_url=&#8221;\/en\/order\/&#8221; button_text=&#8221;Try it!&#8221; _builder_version=&#8221;3.0.92&#8243; custom_margin=&#8221;10px||10px|&#8221; custom_margin_tablet=&#8221;|||40&#8243; custom_margin_phone=&#8221;|||&#8221; custom_margin_last_edited=&#8221;on|tablet&#8221; custom_padding=&#8221;|||&#8221; custom_button=&#8221;on&#8221; button_text_size=&#8221;26px&#8221; button_text_color=&#8221;#0c0c0c&#8221; button_bg_color=&#8221;#ffffff&#8221; button_border_color=&#8221;#0c0c0c&#8221; button_border_radius=&#8221;40px&#8221; button_font=&#8221;Dosis|600|||||||&#8221; animation_style=&#8221;bounce&#8221; animation_duration=&#8221;1300ms&#8221; animation_delay=&#8221;3200ms&#8221;][\/et_pb_button][\/et_pb_column][et_pb_column type=&#8221;1_2&#8243; _builder_version=&#8221;3.0.47&#8243; parallax=&#8221;off&#8221; parallax_method=&#8221;on&#8221;][\/et_pb_column][\/et_pb_row][\/et_pb_section][et_pb_section fb_built=&#8221;1&#8243; _builder_version=&#8221;3.0.91&#8243; custom_margin=&#8221;0px||0px|&#8221; custom_padding=&#8221;0px||0px|&#8221;][et_pb_row custom_padding=&#8221;50px||50px|&#8221; custom_padding_tablet=&#8221;||0px|&#8221; custom_padding_phone=&#8221;||0px|&#8221; custom_padding_last_edited=&#8221;on|tablet&#8221; _builder_version=&#8221;3.0.91&#8243;][et_pb_column type=&#8221;1_2&#8243; _builder_version=&#8221;3.0.47&#8243; parallax=&#8221;off&#8221; parallax_method=&#8221;on&#8221;][et_pb_blurb title=&#8221;Potency&#8221; _builder_version=&#8221;3.0.92&#8243; header_level=&#8221;h3&#8243; header_font=&#8221;Dosis||||||||&#8221; header_text_align=&#8221;left&#8221; header_font_size=&#8221;42px&#8221; header_text_color=&#8221;#2a3082&#8243; body_font=&#8221;Dosis||||||||&#8221; body_font_size=&#8221;17px&#8221; custom_margin=&#8221;||15px|&#8221; custom_margin_last_edited=&#8221;on|desktop&#8221; custom_padding=&#8221;|||&#8221; custom_padding_last_edited=&#8221;on|desktop&#8221; animation_style=&#8221;roll&#8221; animation_direction=&#8221;right&#8221;][\/et_pb_blurb][et_pb_blurb _builder_version=&#8221;3.0.92&#8243; header_level=&#8221;h3&#8243; header_font=&#8221;Dosis||||||||&#8221; header_text_align=&#8221;left&#8221; header_font_size=&#8221;42px&#8221; header_text_color=&#8221;#2a3082&#8243; body_font=&#8221;Dosis||||||||&#8221; body_font_size=&#8221;17px&#8221; custom_margin=&#8221;0px||0px|&#8221; custom_margin_last_edited=&#8221;on|desktop&#8221; custom_padding=&#8221;|||&#8221; custom_padding_last_edited=&#8221;on|desktop&#8221; animation_style=&#8221;roll&#8221; animation_direction=&#8221;right&#8221;]<\/p>\n<h3><span><strong>AFRICAN PLUM FORTE<\/strong>\u00a0HELPS TO:<\/span><\/h3>\n<ul style=\"font-family: Dosis;\">\n<li style=\"font-family: Dosis;\">Achieve erection<\/li>\n<li style=\"font-family: Dosis;\">Sustain erection<\/li>\n<li style=\"font-family: Dosis;\">Increase sexual desire<\/li>\n<li style=\"font-family: Dosis;\">Alleviate erectile disorders caused by the prostate<\/li>\n<\/ul>\n<p><span style=\"font-family: Dosis;\">The active ingredient of African Plum FORTE, beta sitosterol helps to enhance potency. With regular use, it increases the blood flow to the erectile tissue of the genitals, improving erection quality.<\/span>[\/et_pb_blurb][\/et_pb_column][et_pb_column type=&#8221;1_2&#8243; _builder_version=&#8221;3.0.47&#8243; parallax=&#8221;off&#8221; parallax_method=&#8221;on&#8221;][et_pb_blurb title=&#8221;Prostate&#8221; _builder_version=&#8221;3.0.92&#8243; header_level=&#8221;h3&#8243; header_font=&#8221;Dosis||||||||&#8221; header_text_align=&#8221;left&#8221; header_font_size=&#8221;42px&#8221; header_text_color=&#8221;#2a3082&#8243; body_font=&#8221;Dosis||||||||&#8221; body_font_size=&#8221;17px&#8221; custom_margin=&#8221;||15px|&#8221; custom_margin_last_edited=&#8221;on|desktop&#8221; custom_padding=&#8221;|||&#8221; custom_padding_last_edited=&#8221;on|desktop&#8221; animation_style=&#8221;roll&#8221; animation_direction=&#8221;left&#8221;][\/et_pb_blurb][et_pb_blurb _builder_version=&#8221;3.0.92&#8243; header_level=&#8221;h3&#8243; header_font=&#8221;Dosis||||||||&#8221; header_text_align=&#8221;left&#8221; header_font_size=&#8221;42px&#8221; header_text_color=&#8221;#2a3082&#8243; body_font=&#8221;Dosis||||||||&#8221; body_font_size=&#8221;17px&#8221; custom_margin=&#8221;||15px|&#8221; custom_margin_last_edited=&#8221;on|desktop&#8221; custom_padding=&#8221;|||&#8221; custom_padding_last_edited=&#8221;on|desktop&#8221; animation_style=&#8221;roll&#8221; animation_direction=&#8221;left&#8221;]<\/p>\n<h3><span><strong>AFRICAN PLUM FORTE<\/strong>\u00a0IMPROVES PROSTATE FUNCTION:<\/span><\/h3>\n<p><span>African Plum\u2019s extract helps to reduce and slow the benign prostatic hyperplasia and prostate inflammation, resulting in a decrease in all urinary disorders that accompany these statements. An analysis of literature from the period from 1996 to 2000, when 18 randomized controlled trials were performed, encompassing 1562 men, concluded that compared to placebo, African Plum significantly improves urological symptoms and the flow of liquids.<\/span><\/p>\n<p>[\/et_pb_blurb][\/et_pb_column][\/et_pb_row][et_pb_row _builder_version=&#8221;3.0.92&#8243;][et_pb_column type=&#8221;1_4&#8243; _builder_version=&#8221;3.0.92&#8243; parallax=&#8221;off&#8221; parallax_method=&#8221;on&#8221;][et_pb_blurb title=&#8221;SIMPLE&#8221; use_icon=&#8221;on&#8221; font_icon=&#8221;%%151%%&#8221; icon_color=&#8221;#2a9255&#8243; _builder_version=&#8221;3.0.92&#8243; header_level=&#8221;h3&#8243; header_font=&#8221;Dosis|600|||||||&#8221; header_text_align=&#8221;center&#8221; header_font_size=&#8221;40px&#8221; header_text_shadow_style=&#8221;preset1&#8243; body_font=&#8221;Dosis||||||||&#8221; body_text_align=&#8221;center&#8221; body_font_size=&#8221;17px&#8221; animation_style=&#8221;zoom&#8221;]African Plum FORTE usage is very simple, only one capsule daily![\/et_pb_blurb][\/et_pb_column][et_pb_column type=&#8221;1_4&#8243; _builder_version=&#8221;3.0.92&#8243; parallax=&#8221;off&#8221; parallax_method=&#8221;on&#8221;][et_pb_blurb title=&#8221;ENHANCES POTENCY&#8221; use_icon=&#8221;on&#8221; font_icon=&#8221;%%29%%&#8221; icon_color=&#8221;#2a9255&#8243; _builder_version=&#8221;3.0.92&#8243; header_level=&#8221;h3&#8243; header_font=&#8221;Dosis|600|||||||&#8221; header_text_align=&#8221;center&#8221; header_font_size=&#8221;40px&#8221; header_text_shadow_style=&#8221;preset1&#8243; body_font=&#8221;Dosis||||||||&#8221; body_text_align=&#8221;center&#8221; body_font_size=&#8221;17px&#8221; animation_style=&#8221;zoom&#8221;]African Plum&#8217;s active ingredient, increases blood flow to the erectile tissue of the genitals, improving the quality of erections.[\/et_pb_blurb][\/et_pb_column][et_pb_column type=&#8221;1_4&#8243; _builder_version=&#8221;3.0.92&#8243; parallax=&#8221;off&#8221; parallax_method=&#8221;on&#8221;][et_pb_blurb title=&#8221;SAFE&#8221; use_icon=&#8221;on&#8221; font_icon=&#8221;%%162%%&#8221; icon_color=&#8221;#2a9255&#8243; _builder_version=&#8221;3.0.92&#8243; header_level=&#8221;h3&#8243; header_font=&#8221;Dosis|600|||||||&#8221; header_text_align=&#8221;center&#8221; header_font_size=&#8221;40px&#8221; header_text_shadow_style=&#8221;preset1&#8243; body_font=&#8221;Dosis||||||||&#8221; body_text_align=&#8221;center&#8221; body_font_size=&#8221;17px&#8221; animation_style=&#8221;zoom&#8221;]African Plum capsules are completely natural and safe, even for people with heart disease.[\/et_pb_blurb][\/et_pb_column][et_pb_column type=&#8221;1_4&#8243; _builder_version=&#8221;3.0.92&#8243; parallax=&#8221;off&#8221; parallax_method=&#8221;on&#8221;][et_pb_blurb title=&#8221;TAKES CARE OF PROSTATE&#8221; use_icon=&#8221;on&#8221; font_icon=&#8221;%%45%%&#8221; icon_color=&#8221;#2a9255&#8243; _builder_version=&#8221;3.0.92&#8243; header_level=&#8221;h3&#8243; header_font=&#8221;Dosis|600|||||||&#8221; header_text_align=&#8221;center&#8221; header_font_size=&#8221;40px&#8221; header_text_shadow_style=&#8221;preset1&#8243; body_font=&#8221;Dosis||||||||&#8221; body_text_align=&#8221;center&#8221; body_font_size=&#8221;17px&#8221; animation_style=&#8221;zoom&#8221;]African Plumb FORTE alleviates urination problems (lower frequency and facilitation of the process of urine elimination, and increased amount of eliminated urine)[\/et_pb_blurb][\/et_pb_column][\/et_pb_row][et_pb_row make_fullwidth=&#8221;on&#8221; use_custom_gutter=&#8221;on&#8221; gutter_width=&#8221;1&#8243; background_color=&#8221;#b5b5b5&#8243; _builder_version=&#8221;3.0.90&#8243;][et_pb_column type=&#8221;1_3&#8243; _builder_version=&#8221;3.0.47&#8243; parallax=&#8221;off&#8221; parallax_method=&#8221;on&#8221;][et_pb_image src=&#8221;https:\/\/africkasljiva.com\/wp-content\/uploads\/2017\/12\/FORTE-Africka-sljiva-nosorog-EN.png&#8221; _builder_version=&#8221;3.0.92&#8243; animation_style=&#8221;slide&#8221; animation_direction=&#8221;left&#8221;][\/et_pb_image][\/et_pb_column][et_pb_column type=&#8221;2_3&#8243; _builder_version=&#8221;3.0.47&#8243; parallax=&#8221;off&#8221; parallax_method=&#8221;on&#8221;][et_pb_blurb title=&#8221;HAVEN&#8217;T YOU TRIED AFRICAN PLUM FORTE YET?&#8221; _builder_version=&#8221;3.0.92&#8243; header_font=&#8221;Dosis||||||||&#8221; header_text_align=&#8221;center&#8221; header_font_size=&#8221;30px&#8221; body_font=&#8221;Dosis||||||||&#8221; body_text_align=&#8221;center&#8221; body_font_size=&#8221;16px&#8221; background_color=&#8221;#f2f2f2&#8243; text_orientation=&#8221;center&#8221; custom_margin=&#8221;10px|100px||100px&#8221; custom_margin_tablet=&#8221;|30px||30px&#8221; custom_margin_phone=&#8221;20px|10px||10px&#8221; custom_margin_last_edited=&#8221;on|phone&#8221; custom_padding=&#8221;30px||30px|&#8221; animation_direction=&#8221;right&#8221;]<\/p>\n<p>Order now your package on-line and you will receive our best price.<\/p>\n<p>[\/et_pb_blurb][et_pb_button button_url=&#8221;\/en\/order\/&#8221; button_text=&#8221;ORDER NOW&#8221; button_alignment=&#8221;center&#8221; _builder_version=&#8221;3.0.92&#8243; custom_margin=&#8221;10px|||&#8221; custom_padding=&#8221;10px||10px|&#8221; custom_button=&#8221;on&#8221; button_text_color=&#8221;#ffffff&#8221; button_bg_color=&#8221;#35b159&#8243; button_bg_use_color_gradient=&#8221;on&#8221; button_bg_color_gradient_start=&#8221;#35b159&#8243; button_bg_color_gradient_end=&#8221;#16662a&#8221; button_border_color=&#8221;#ffffff&#8221; button_border_radius=&#8221;8px&#8221; button_font=&#8221;||||||||&#8221; button_icon=&#8221;%%28%%&#8221; animation_direction=&#8221;right&#8221;][\/et_pb_button][\/et_pb_column][\/et_pb_row][\/et_pb_section][et_pb_section fb_built=&#8221;1&#8243; background_color=&#8221;#ffffff&#8221; _builder_version=&#8221;3.0.91&#8243; custom_padding=&#8221;0px|0px|1px|0px&#8221;][et_pb_row custom_padding=&#8221;60px|0px|10px|0px&#8221; _builder_version=&#8221;3.0.91&#8243;][et_pb_column type=&#8221;1_4&#8243; _builder_version=&#8221;3.0.91&#8243; parallax=&#8221;off&#8221; parallax_method=&#8221;on&#8221;][et_pb_blurb url=&#8221;https:\/\/www.facebook.com\/AfrickaSljiva&#8221; url_new_window=&#8221;on&#8221; use_icon=&#8221;on&#8221; font_icon=&#8221;%%314%%&#8221; icon_color=&#8221;#3B5998&#8243; _builder_version=&#8221;3.0.91&#8243; animation_direction=&#8221;left&#8221; animation=&#8221;off&#8221;][\/et_pb_blurb][\/et_pb_column][et_pb_column type=&#8221;1_4&#8243; _builder_version=&#8221;3.0.91&#8243; parallax=&#8221;off&#8221; parallax_method=&#8221;on&#8221;][et_pb_blurb url=&#8221;https:\/\/www.instagram.com\/africka_sljiva\/&#8221; url_new_window=&#8221;on&#8221; use_icon=&#8221;on&#8221; font_icon=&#8221;%%298%%&#8221; icon_color=&#8221;#e95950&#8243; _builder_version=&#8221;3.0.91&#8243; animation=&#8221;off&#8221;][\/et_pb_blurb][\/et_pb_column][et_pb_column type=&#8221;1_4&#8243; _builder_version=&#8221;3.0.91&#8243; parallax=&#8221;off&#8221; parallax_method=&#8221;on&#8221;][et_pb_blurb url=&#8221;https:\/\/www.youtube.com\/channel\/UCu-A5eKGUVAjkVnwnDnfDtA&#8221; url_new_window=&#8221;on&#8221; use_icon=&#8221;on&#8221; font_icon=&#8221;%%307%%&#8221; icon_color=&#8221;#ff0000&#8243; _builder_version=&#8221;3.0.91&#8243; animation=&#8221;off&#8221;][\/et_pb_blurb][\/et_pb_column][et_pb_column type=&#8221;1_4&#8243; _builder_version=&#8221;3.0.91&#8243; parallax=&#8221;off&#8221; parallax_method=&#8221;on&#8221;][et_pb_blurb url=&#8221;https:\/\/twitter.com\/AfrickaSljiva&#8221; url_new_window=&#8221;on&#8221; use_icon=&#8221;on&#8221; font_icon=&#8221;%%292%%&#8221; icon_color=&#8221;#55acee&#8221; _builder_version=&#8221;3.0.91&#8243; animation=&#8221;off&#8221;][\/et_pb_blurb][\/et_pb_column][\/et_pb_row][\/et_pb_section]<\/p>\n","protected":false},"excerpt":{"rendered":"<p>AFRICAN PLUM FORTE\u00a0HELPS TO: Achieve erection Sustain erection Increase sexual desire Alleviate erectile disorders caused by the prostate The active ingredient of African Plum FORTE, beta sitosterol helps to enhance potency. With regular use, it increases the blood flow to the erectile tissue of the genitals, improving erection quality.AFRICAN PLUM FORTE\u00a0IMPROVES PROSTATE FUNCTION: African Plum\u2019s [&hellip;]<\/p>\n","protected":false},"author":12,"featured_media":0,"parent":0,"menu_order":0,"comment_status":"closed","ping_status":"closed","template":"","meta":{"_et_pb_use_builder":"on","_et_pb_old_content":"","_et_gb_content_width":"","footnotes":""},"class_list":["post-851","page","type-page","status-publish","hentry"],"yoast_head":"<!-- This site is optimized with the Yoast SEO plugin v27.4 - https:\/\/yoast.com\/product\/yoast-seo-wordpress\/ -->\n<title>Afri\u010dka \u0160ljiva - Prirodno za potenciju - NE PADA!<\/title>\n<meta name=\"description\" content=\"Prirodno re\u0161enje za potenciju i bolji seksualni odnos. Odr\u017eava i olak\u0161ava erekciju na prirodan na\u010din. Afri\u010dka \u0160ljiva - Dostupno online! 100% prirodno!\" \/>\n<meta name=\"robots\" content=\"index, follow, max-snippet:-1, max-image-preview:large, max-video-preview:-1\" \/>\n<link rel=\"canonical\" href=\"https:\/\/africkasljiva.com\/en\/\" \/>\n<meta property=\"og:locale\" content=\"en_US\" \/>\n<meta property=\"og:type\" content=\"article\" \/>\n<meta property=\"og:title\" content=\"Afri\u010dka \u0160ljiva - Prirodno za potenciju - NE PADA!\" \/>\n<meta property=\"og:description\" content=\"Prirodno re\u0161enje za potenciju i bolji seksualni odnos. Odr\u017eava i olak\u0161ava erekciju na prirodan na\u010din. Afri\u010dka \u0160ljiva - Dostupno online! 100% prirodno!\" \/>\n<meta property=\"og:url\" content=\"https:\/\/africkasljiva.com\/en\/\" \/>\n<meta property=\"og:site_name\" content=\"Afri\u010dka \u0160ljiva\" \/>\n<meta property=\"article:modified_time\" content=\"2017-12-27T08:15:20+00:00\" \/>\n<meta name=\"twitter:card\" content=\"summary_large_image\" \/>\n<meta name=\"twitter:label1\" content=\"Est. reading time\" \/>\n\t<meta name=\"twitter:data1\" content=\"9 minutes\" \/>\n<script type=\"application\/ld+json\" class=\"yoast-schema-graph\">{\"@context\":\"https:\\\/\\\/schema.org\",\"@graph\":[{\"@type\":\"WebPage\",\"@id\":\"https:\\\/\\\/africkasljiva.com\\\/en\\\/\",\"url\":\"https:\\\/\\\/africkasljiva.com\\\/en\\\/\",\"name\":\"Afri\u010dka \u0160ljiva - Prirodno za potenciju - NE PADA!\",\"isPartOf\":{\"@id\":\"https:\\\/\\\/africkasljiva.com\\\/#website\"},\"datePublished\":\"2017-12-06T10:29:02+00:00\",\"dateModified\":\"2017-12-27T08:15:20+00:00\",\"description\":\"Prirodno re\u0161enje za potenciju i bolji seksualni odnos. Odr\u017eava i olak\u0161ava erekciju na prirodan na\u010din. Afri\u010dka \u0160ljiva - Dostupno online! 100% prirodno!\",\"breadcrumb\":{\"@id\":\"https:\\\/\\\/africkasljiva.com\\\/en\\\/#breadcrumb\"},\"inLanguage\":\"en-US\",\"potentialAction\":[{\"@type\":\"ReadAction\",\"target\":[\"https:\\\/\\\/africkasljiva.com\\\/en\\\/\"]}]},{\"@type\":\"BreadcrumbList\",\"@id\":\"https:\\\/\\\/africkasljiva.com\\\/en\\\/#breadcrumb\",\"itemListElement\":[{\"@type\":\"ListItem\",\"position\":1,\"name\":\"Home\",\"item\":\"https:\\\/\\\/africkasljiva.com\\\/en\\\/\"},{\"@type\":\"ListItem\",\"position\":2,\"name\":\"Home\"}]},{\"@type\":\"WebSite\",\"@id\":\"https:\\\/\\\/africkasljiva.com\\\/#website\",\"url\":\"https:\\\/\\\/africkasljiva.com\\\/\",\"name\":\"Afri\u010dka \u0160ljiva\",\"description\":\"Prirodni preparat za potenciju - ne pada!\",\"potentialAction\":[{\"@type\":\"SearchAction\",\"target\":{\"@type\":\"EntryPoint\",\"urlTemplate\":\"https:\\\/\\\/africkasljiva.com\\\/?s={search_term_string}\"},\"query-input\":{\"@type\":\"PropertyValueSpecification\",\"valueRequired\":true,\"valueName\":\"search_term_string\"}}],\"inLanguage\":\"en-US\"}]}<\/script>\n<!-- \/ Yoast SEO plugin. -->","yoast_head_json":{"title":"Afri\u010dka \u0160ljiva - Prirodno za potenciju - NE PADA!","description":"Prirodno re\u0161enje za potenciju i bolji seksualni odnos. Odr\u017eava i olak\u0161ava erekciju na prirodan na\u010din. Afri\u010dka \u0160ljiva - Dostupno online! 100% prirodno!","robots":{"index":"index","follow":"follow","max-snippet":"max-snippet:-1","max-image-preview":"max-image-preview:large","max-video-preview":"max-video-preview:-1"},"canonical":"https:\/\/africkasljiva.com\/en\/","og_locale":"en_US","og_type":"article","og_title":"Afri\u010dka \u0160ljiva - Prirodno za potenciju - NE PADA!","og_description":"Prirodno re\u0161enje za potenciju i bolji seksualni odnos. Odr\u017eava i olak\u0161ava erekciju na prirodan na\u010din. Afri\u010dka \u0160ljiva - Dostupno online! 100% prirodno!","og_url":"https:\/\/africkasljiva.com\/en\/","og_site_name":"Afri\u010dka \u0160ljiva","article_modified_time":"2017-12-27T08:15:20+00:00","twitter_card":"summary_large_image","twitter_misc":{"Est. reading time":"9 minutes"},"schema":{"@context":"https:\/\/schema.org","@graph":[{"@type":"WebPage","@id":"https:\/\/africkasljiva.com\/en\/","url":"https:\/\/africkasljiva.com\/en\/","name":"Afri\u010dka \u0160ljiva - Prirodno za potenciju - NE PADA!","isPartOf":{"@id":"https:\/\/africkasljiva.com\/#website"},"datePublished":"2017-12-06T10:29:02+00:00","dateModified":"2017-12-27T08:15:20+00:00","description":"Prirodno re\u0161enje za potenciju i bolji seksualni odnos. Odr\u017eava i olak\u0161ava erekciju na prirodan na\u010din. Afri\u010dka \u0160ljiva - Dostupno online! 100% prirodno!","breadcrumb":{"@id":"https:\/\/africkasljiva.com\/en\/#breadcrumb"},"inLanguage":"en-US","potentialAction":[{"@type":"ReadAction","target":["https:\/\/africkasljiva.com\/en\/"]}]},{"@type":"BreadcrumbList","@id":"https:\/\/africkasljiva.com\/en\/#breadcrumb","itemListElement":[{"@type":"ListItem","position":1,"name":"Home","item":"https:\/\/africkasljiva.com\/en\/"},{"@type":"ListItem","position":2,"name":"Home"}]},{"@type":"WebSite","@id":"https:\/\/africkasljiva.com\/#website","url":"https:\/\/africkasljiva.com\/","name":"Afri\u010dka \u0160ljiva","description":"Prirodni preparat za potenciju - ne pada!","potentialAction":[{"@type":"SearchAction","target":{"@type":"EntryPoint","urlTemplate":"https:\/\/africkasljiva.com\/?s={search_term_string}"},"query-input":{"@type":"PropertyValueSpecification","valueRequired":true,"valueName":"search_term_string"}}],"inLanguage":"en-US"}]}},"_links":{"self":[{"href":"https:\/\/africkasljiva.com\/en\/wp-json\/wp\/v2\/pages\/851","targetHints":{"allow":["GET"]}}],"collection":[{"href":"https:\/\/africkasljiva.com\/en\/wp-json\/wp\/v2\/pages"}],"about":[{"href":"https:\/\/africkasljiva.com\/en\/wp-json\/wp\/v2\/types\/page"}],"author":[{"embeddable":true,"href":"https:\/\/africkasljiva.com\/en\/wp-json\/wp\/v2\/users\/12"}],"replies":[{"embeddable":true,"href":"https:\/\/africkasljiva.com\/en\/wp-json\/wp\/v2\/comments?post=851"}],"version-history":[{"count":6,"href":"https:\/\/africkasljiva.com\/en\/wp-json\/wp\/v2\/pages\/851\/revisions"}],"predecessor-version":[{"id":874,"href":"https:\/\/africkasljiva.com\/en\/wp-json\/wp\/v2\/pages\/851\/revisions\/874"}],"wp:attachment":[{"href":"https:\/\/africkasljiva.com\/en\/wp-json\/wp\/v2\/media?parent=851"}],"curies":[{"name":"wp","href":"https:\/\/api.w.org\/{rel}","templated":true}]}}